{"id":14,"date":"2012-12-26T00:04:09","date_gmt":"2012-12-26T00:04:09","guid":{"rendered":"https:\/\/parradust.com\/?page_id=14"},"modified":"2013-03-11T21:08:06","modified_gmt":"2013-03-11T21:08:06","slug":"harremanetancontacto","status":"publish","type":"page","link":"https:\/\/parradust.com\/?page_id=14","title":{"rendered":"HARREMANAK|CONTACTO"},"content":{"rendered":"<p><span lang=\"eu\">Gurekin harremanetan jartzeko zure mezua beheko formularioan idatz ezazu edo 670657652 eta 651563998 telefono zenbakietara deitu.<\/span><br \/>\n<span lang=\"es\">Puedes ponerte en contacto con nosotros a trav\u00e9s del formulario que tienes m\u00e1s abajo o en los tel\u00e9fonos 670657652 o 651563998.<\/span><\/p>\n<p><span lang=\"eu\">Riderra jaitsi<\/span><br \/>\n<span lang=\"es\">Descargar rider<\/span><\/p>\n<p>[contact-form to=&#8217;parradust@gmail.com&#8217; subject='[PARRADUST Contacto &#8216;][contact-field label=&#8217;Zure izena \/ T\u00fa nombre&#8217; type=&#8217;name&#8217;\/][contact-field label=&#8217;Zure posta elektronikoa \/ T\u00fa correo electr\u00f3nico&#8217; type=&#8217;text&#8217; required=&#8217;1&#8217;\/][contact-field label=&#8217;Gaia \/ Asunto&#8217; type=&#8217;text&#8217;\/][contact-field label=&#8217;Zure mezua \/ T\u00fa mensaje&#8217; type=&#8217;textarea&#8217;\/][\/contact-form]<\/p>\n","protected":false},"excerpt":{"rendered":"<p>Gurekin harremanetan jartzeko zure mezua beheko formularioan idatz ezazu edo 670657652 eta 651563998 telefono zenbakietara deitu. Puedes ponerte en contacto con nosotros a trav\u00e9s del formulario que tienes m\u00e1s abajo o en los tel\u00e9fonos 670657652 o 651563998. Riderra jaitsi Descargar &hellip; <a href=\"https:\/\/parradust.com\/?page_id=14\">Sigue leyendo <span class=\"meta-nav\">&rarr;<\/span><\/a><\/p>\n","protected":false},"author":1,"featured_media":0,"parent":0,"menu_order":0,"comment_status":"open","ping_status":"open","template":"sidebar-page.php","meta":{"footnotes":""},"class_list":["post-14","page","type-page","status-publish","hentry"],"_links":{"self":[{"href":"https:\/\/parradust.com\/index.php?rest_route=\/wp\/v2\/pages\/14","targetHints":{"allow":["GET"]}}],"collection":[{"href":"https:\/\/parradust.com\/index.php?rest_route=\/wp\/v2\/pages"}],"about":[{"href":"https:\/\/parradust.com\/index.php?rest_route=\/wp\/v2\/types\/page"}],"author":[{"embeddable":true,"href":"https:\/\/parradust.com\/index.php?rest_route=\/wp\/v2\/users\/1"}],"replies":[{"embeddable":true,"href":"https:\/\/parradust.com\/index.php?rest_route=%2Fwp%2Fv2%2Fcomments&post=14"}],"version-history":[{"count":31,"href":"https:\/\/parradust.com\/index.php?rest_route=\/wp\/v2\/pages\/14\/revisions"}],"predecessor-version":[{"id":365,"href":"https:\/\/parradust.com\/index.php?rest_route=\/wp\/v2\/pages\/14\/revisions\/365"}],"wp:attachment":[{"href":"https:\/\/parradust.com\/index.php?rest_route=%2Fwp%2Fv2%2Fmedia&parent=14"}],"curies":[{"name":"wp","href":"https:\/\/api.w.org\/{rel}","templated":true}]}}